{"id":274,"date":"2024-11-24T16:35:07","date_gmt":"2024-11-24T16:35:07","guid":{"rendered":"https:\/\/trenerkarolina.pl\/?page_id=274"},"modified":"2024-11-24T17:50:03","modified_gmt":"2024-11-24T17:50:03","slug":"plany-dietetyczne","status":"publish","type":"page","link":"https:\/\/trenerkarolina.pl\/?page_id=274","title":{"rendered":"Plany dietetyczne"},"content":{"rendered":"\t\t<div data-elementor-type=\"wp-page\" data-elementor-id=\"274\" class=\"elementor elementor-274\">\n\t\t\t\t\t\t<section class=\"elementor-section elementor-top-section elementor-element elementor-element-d03c3e7 elementor-section-height-full elementor-section-stretched elementor-section-boxed elementor-section-height-default elementor-section-items-middle\" data-id=\"d03c3e7\" data-element_type=\"section\" data-settings=\"{&quot;stretch_section&quot;:&quot;section-stretched&quot;,&quot;background_background&quot;:&quot;classic&quot;}\">\n\t\t\t\t\t\t\t<div class=\"elementor-background-overlay\"><\/div>\n\t\t\t\t\t\t\t<div class=\"elementor-container elementor-column-gap-default\">\n\t\t\t\t\t<div class=\"elementor-column elementor-col-50 elementor-top-column elementor-element elementor-element-53c49af\" data-id=\"53c49af\" data-element_type=\"column\">\n\t\t\t<div class=\"elementor-widget-wrap elementor-element-populated\">\n\t\t\t\t\t\t<div class=\"elementor-element elementor-element-a83b345 elementor-hidden-tablet elementor-hidden-mobile elementor-widget elementor-widget-heading\" data-id=\"a83b345\" data-element_type=\"widget\" data-widget_type=\"heading.default\">\n\t\t\t\t<div class=\"elementor-widget-container\">\n\t\t\t\t\t<h3 class=\"elementor-heading-title elementor-size-default\">KAROLINA B\u0104K<\/h3>\t\t\t\t<\/div>\n\t\t\t\t<\/div>\n\t\t\t\t<div class=\"elementor-element elementor-element-be9d1a8 elementor-widget elementor-widget-heading\" data-id=\"be9d1a8\" data-element_type=\"widget\" data-widget_type=\"heading.default\">\n\t\t\t\t<div class=\"elementor-widget-container\">\n\t\t\t\t\t<h1 class=\"elementor-heading-title elementor-size-default\">PLANY DIETETYCZNE<BR>PLANY \u017bYWIENIOWE<BR>jAD\u0141OSPISY<\/h1>\t\t\t\t<\/div>\n\t\t\t\t<\/div>\n\t\t\t\t<div class=\"elementor-element elementor-element-3685364 elementor-widget elementor-widget-heading\" data-id=\"3685364\" data-element_type=\"widget\" data-widget_type=\"heading.default\">\n\t\t\t\t<div class=\"elementor-widget-container\">\n\t\t\t\t\t<h2 class=\"elementor-heading-title elementor-size-default\">SCHUDNIJ ZDROWO<\/h2>\t\t\t\t<\/div>\n\t\t\t\t<\/div>\n\t\t\t\t<section class=\"elementor-section elementor-inner-section elementor-element elementor-element-e5ba26d elementor-section-boxed elementor-section-height-default elementor-section-height-default\" data-id=\"e5ba26d\" data-element_type=\"section\">\n\t\t\t\t\t\t<div class=\"elementor-container elementor-column-gap-no\">\n\t\t\t\t\t<div class=\"elementor-column elementor-col-50 elementor-inner-column elementor-element elementor-element-62872f6\" data-id=\"62872f6\" data-element_type=\"column\">\n\t\t\t<div class=\"elementor-widget-wrap elementor-element-populated\">\n\t\t\t\t\t\t<div class=\"elementor-element elementor-element-8f77b81 elementor-widget elementor-widget-button\" data-id=\"8f77b81\" data-element_type=\"widget\" data-widget_type=\"button.default\">\n\t\t\t\t<div class=\"elementor-widget-container\">\n\t\t\t\t\t\t\t\t\t<div class=\"elementor-button-wrapper\">\n\t\t\t\t\t<a class=\"elementor-button elementor-button-link elementor-size-sm elementor-animation-grow\" href=\"https:\/\/trenerkarolina.pl\/#omnie\">\n\t\t\t\t\t\t<span class=\"elementor-button-content-wrapper\">\n\t\t\t\t\t\t\t\t\t<span class=\"elementor-button-text\">O mnie<\/span>\n\t\t\t\t\t<\/span>\n\t\t\t\t\t<\/a>\n\t\t\t\t<\/div>\n\t\t\t\t\t\t\t\t<\/div>\n\t\t\t\t<\/div>\n\t\t\t\t\t<\/div>\n\t\t<\/div>\n\t\t\t\t<div class=\"elementor-column elementor-col-50 elementor-inner-column elementor-element elementor-element-89d158c\" data-id=\"89d158c\" data-element_type=\"column\">\n\t\t\t<div class=\"elementor-widget-wrap elementor-element-populated\">\n\t\t\t\t\t\t<div class=\"elementor-element elementor-element-c3fee98 elementor-widget elementor-widget-button\" data-id=\"c3fee98\" data-element_type=\"widget\" data-widget_type=\"button.default\">\n\t\t\t\t<div class=\"elementor-widget-container\">\n\t\t\t\t\t\t\t\t\t<div class=\"elementor-button-wrapper\">\n\t\t\t\t\t<a class=\"elementor-button elementor-button-link elementor-size-sm elementor-animation-grow\" href=\"https:\/\/trenerkarolina.pl\/#kontakt\">\n\t\t\t\t\t\t<span class=\"elementor-button-content-wrapper\">\n\t\t\t\t\t\t\t\t\t<span class=\"elementor-button-text\">Zam\u00f3w trening lub diet\u0119<\/span>\n\t\t\t\t\t<\/span>\n\t\t\t\t\t<\/a>\n\t\t\t\t<\/div>\n\t\t\t\t\t\t\t\t<\/div>\n\t\t\t\t<\/div>\n\t\t\t\t\t<\/div>\n\t\t<\/div>\n\t\t\t\t\t<\/div>\n\t\t<\/section>\n\t\t\t\t\t<\/div>\n\t\t<\/div>\n\t\t\t\t<div class=\"elementor-column elementor-col-50 elementor-top-column elementor-element elementor-element-f90e236\" data-id=\"f90e236\" data-element_type=\"column\">\n\t\t\t<div class=\"elementor-widget-wrap\">\n\t\t\t\t\t\t\t<\/div>\n\t\t<\/div>\n\t\t\t\t\t<\/div>\n\t\t<\/section>\n\t\t\t\t<section class=\"elementor-section elementor-top-section elementor-element elementor-element-ee8b932 elementor-section-height-min-height elementor-section-stretched elementor-reverse-tablet elementor-reverse-mobile elementor-section-boxed elementor-section-height-default elementor-section-items-middle\" data-id=\"ee8b932\" data-element_type=\"section\" data-settings=\"{&quot;stretch_section&quot;:&quot;section-stretched&quot;}\">\n\t\t\t\t\t\t<div class=\"elementor-container elementor-column-gap-default\">\n\t\t\t\t\t<div class=\"elementor-column elementor-col-50 elementor-top-column elementor-element elementor-element-aed74bb\" data-id=\"aed74bb\" data-element_type=\"column\">\n\t\t\t<div class=\"elementor-widget-wrap elementor-element-populated\">\n\t\t\t\t\t\t<div class=\"elementor-element elementor-element-286396d elementor-widget elementor-widget-image\" data-id=\"286396d\" data-element_type=\"widget\" data-widget_type=\"image.default\">\n\t\t\t\t<div class=\"elementor-widget-container\">\n\t\t\t\t\t\t\t\t\t\t\t\t\t\t\t<img fetchpriority=\"high\" decoding=\"async\" width=\"768\" height=\"1365\" src=\"https:\/\/trenerkarolina.pl\/wp-content\/uploads\/2024\/11\/jablko-1-768x1365.jpg\" class=\"attachment-medium_large size-medium_large wp-image-315\" alt=\"\" srcset=\"https:\/\/trenerkarolina.pl\/wp-content\/uploads\/2024\/11\/jablko-1-768x1365.jpg 768w, https:\/\/trenerkarolina.pl\/wp-content\/uploads\/2024\/11\/jablko-1-169x300.jpg 169w, https:\/\/trenerkarolina.pl\/wp-content\/uploads\/2024\/11\/jablko-1-576x1024.jpg 576w, https:\/\/trenerkarolina.pl\/wp-content\/uploads\/2024\/11\/jablko-1.jpg 844w\" sizes=\"(max-width: 768px) 100vw, 768px\" \/>\t\t\t\t\t\t\t\t\t\t\t\t\t\t\t<\/div>\n\t\t\t\t<\/div>\n\t\t\t\t\t<\/div>\n\t\t<\/div>\n\t\t\t\t<div class=\"elementor-column elementor-col-50 elementor-top-column elementor-element elementor-element-be001c7\" data-id=\"be001c7\" data-element_type=\"column\">\n\t\t\t<div class=\"elementor-widget-wrap elementor-element-populated\">\n\t\t\t\t\t\t<div class=\"elementor-element elementor-element-615681e elementor-widget elementor-widget-heading\" data-id=\"615681e\" data-element_type=\"widget\" data-widget_type=\"heading.default\">\n\t\t\t\t<div class=\"elementor-widget-container\">\n\t\t\t\t\t<h3 class=\"elementor-heading-title elementor-size-default\">Dlaczego odpowiednia dieta jest kluczem do sukcesu?<\/h3>\t\t\t\t<\/div>\n\t\t\t\t<\/div>\n\t\t\t\t<div class=\"elementor-element elementor-element-598eab0 elementor-widget elementor-widget-heading\" data-id=\"598eab0\" data-element_type=\"widget\" data-widget_type=\"heading.default\">\n\t\t\t\t<div class=\"elementor-widget-container\">\n\t\t\t\t\t<h2 class=\"elementor-heading-title elementor-size-default\">Indywidualne Plany Dietetyczne<\/h2>\t\t\t\t<\/div>\n\t\t\t\t<\/div>\n\t\t\t\t<div class=\"elementor-element elementor-element-48c9dce elementor-widget elementor-widget-text-editor\" data-id=\"48c9dce\" data-element_type=\"widget\" data-widget_type=\"text-editor.default\">\n\t\t\t\t<div class=\"elementor-widget-container\">\n\t\t\t\t\t\t\t\t\t<p>W drodze do osi\u0105gni\u0119cia wymarzonej sylwetki i poprawy zdrowia, dieta odgrywa kluczow\u0105 rol\u0119. Nawet najci\u0119\u017cszy trening nie przyniesie oczekiwanych rezultat\u00f3w bez odpowiedniego od\u017cywiania. Dlatego oferujemy spersonalizowane plany dietetyczne, kt\u00f3re wspieraj\u0105 Tw\u00f3j styl \u017cycia i cele treningowe.<\/p><p><strong>Nie musisz rezygnowa\u0107 z ulubionych smak\u00f3w, aby cieszy\u0107 si\u0119 zdrow\u0105 diet\u0105! W zr\u00f3wnowa\u017conym planie \u017cywieniowym znajdzie si\u0119 miejsce nawet dla bardziej przetworzonej \u017cywno\u015bci \u2013 wystarczy zastosowa\u0107 zasad\u0119 80\/20. To oznacza, \u017ce 80% Twojej diety opiera si\u0119 na zdrowych, pe\u0142nowarto\u015bciowych produktach, a 20% mo\u017cesz przeznaczy\u0107 na ma\u0142e przyjemno\u015bci. Nie ma potrzeby eliminowania ca\u0142ych grup produkt\u00f3w \u2013 kluczem jest umiar i odpowiednie proporcje.<\/strong><\/p><p>Dieta powinna by\u0107 przyjemno\u015bci\u0105, a nie wyrzeczeniem. \u0179le dobrany plan, kt\u00f3ry wywo\u0142uje frustracj\u0119 i ci\u0105g\u0142e poczucie g\u0142odu, nie tylko zniech\u0119ca, ale prowadzi do powrotu do dawnych nawyk\u00f3w \u017cywieniowych i efektu jo-jo. Dlatego moim celem jest stworzenie takiej diety, kt\u00f3ra b\u0119dzie wspiera\u0107 Twoje zdrowie, samopoczucie i cele sylwetkowe, jednocze\u015bnie pozwalaj\u0105c Ci czerpa\u0107 rado\u015b\u0107 z jedzenia.<\/p>\t\t\t\t\t\t\t\t<\/div>\n\t\t\t\t<\/div>\n\t\t\t\t\t<\/div>\n\t\t<\/div>\n\t\t\t\t\t<\/div>\n\t\t<\/section>\n\t\t\t\t<section class=\"elementor-section elementor-top-section elementor-element elementor-element-7ea6687 elementor-section-height-min-height elementor-section-stretched elementor-section-boxed elementor-section-height-default elementor-section-items-middle\" data-id=\"7ea6687\" data-element_type=\"section\" data-settings=\"{&quot;stretch_section&quot;:&quot;section-stretched&quot;,&quot;background_background&quot;:&quot;classic&quot;}\">\n\t\t\t\t\t\t\t<div class=\"elementor-background-overlay\"><\/div>\n\t\t\t\t\t\t\t<div class=\"elementor-container elementor-column-gap-default\">\n\t\t\t\t\t<div class=\"elementor-column elementor-col-100 elementor-top-column elementor-element elementor-element-4b637f4\" data-id=\"4b637f4\" data-element_type=\"column\">\n\t\t\t<div class=\"elementor-widget-wrap elementor-element-populated\">\n\t\t\t\t\t\t<div class=\"elementor-element elementor-element-e44eb1a elementor-widget elementor-widget-heading\" data-id=\"e44eb1a\" data-element_type=\"widget\" data-widget_type=\"heading.default\">\n\t\t\t\t<div class=\"elementor-widget-container\">\n\t\t\t\t\t<h2 class=\"elementor-heading-title elementor-size-default\">Zdrowo, syc\u0105co i pysznie \u2013 to mo\u017cliwe!<\/h2>\t\t\t\t<\/div>\n\t\t\t\t<\/div>\n\t\t\t\t<div class=\"elementor-element elementor-element-a3a3d81 elementor-widget elementor-widget-heading\" data-id=\"a3a3d81\" data-element_type=\"widget\" data-widget_type=\"heading.default\">\n\t\t\t\t<div class=\"elementor-widget-container\">\n\t\t\t\t\t<h3 class=\"elementor-heading-title elementor-size-default\">KONIEC Z G\u0141\u00d3D\u00d3WKAMI I RYGORYSTYCZNYMI DIETAMI<\/h3>\t\t\t\t<\/div>\n\t\t\t\t<\/div>\n\t\t\t\t<div class=\"elementor-element elementor-element-e083954 elementor-align-center elementor-widget elementor-widget-button\" data-id=\"e083954\" data-element_type=\"widget\" data-widget_type=\"button.default\">\n\t\t\t\t<div class=\"elementor-widget-container\">\n\t\t\t\t\t\t\t\t\t<div class=\"elementor-button-wrapper\">\n\t\t\t\t\t<a class=\"elementor-button elementor-button-link elementor-size-sm elementor-animation-grow\" href=\"https:\/\/trenerkarolina.pl\/#kontakt\">\n\t\t\t\t\t\t<span class=\"elementor-button-content-wrapper\">\n\t\t\t\t\t\t\t\t\t<span class=\"elementor-button-text\">Zam\u00f3w trening lub diet\u0119<\/span>\n\t\t\t\t\t<\/span>\n\t\t\t\t\t<\/a>\n\t\t\t\t<\/div>\n\t\t\t\t\t\t\t\t<\/div>\n\t\t\t\t<\/div>\n\t\t\t\t\t<\/div>\n\t\t<\/div>\n\t\t\t\t\t<\/div>\n\t\t<\/section>\n\t\t\t\t<section class=\"elementor-section elementor-top-section elementor-element elementor-element-ef3608a elementor-section-boxed elementor-section-height-default elementor-section-height-default\" data-id=\"ef3608a\" data-element_type=\"section\">\n\t\t\t\t\t\t<div class=\"elementor-container elementor-column-gap-default\">\n\t\t\t\t\t<div class=\"elementor-column elementor-col-50 elementor-top-column elementor-element elementor-element-bbd4ecb\" data-id=\"bbd4ecb\" data-element_type=\"column\">\n\t\t\t<div class=\"elementor-widget-wrap elementor-element-populated\">\n\t\t\t\t\t\t<div class=\"elementor-element elementor-element-76344db elementor-widget elementor-widget-heading\" data-id=\"76344db\" data-element_type=\"widget\" data-widget_type=\"heading.default\">\n\t\t\t\t<div class=\"elementor-widget-container\">\n\t\t\t\t\t<h2 class=\"elementor-heading-title elementor-size-default\">Co zyskasz dzi\u0119ki indywidualnemu planowi dietetycznemu?<\/h2>\t\t\t\t<\/div>\n\t\t\t\t<\/div>\n\t\t\t\t<div class=\"elementor-element elementor-element-b66d4d4 elementor-widget elementor-widget-text-editor\" data-id=\"b66d4d4\" data-element_type=\"widget\" data-widget_type=\"text-editor.default\">\n\t\t\t\t<div class=\"elementor-widget-container\">\n\t\t\t\t\t\t\t\t\t<ul><li><strong>Wi\u0119cej energii na co dzie\u0144:<\/strong> Zbilansowane posi\u0142ki dostarcz\u0105 Ci wszystkich niezb\u0119dnych sk\u0142adnik\u00f3w od\u017cywczych, aby\u015b m\u00f3g\u0142\/mog\u0142a w pe\u0142ni korzysta\u0107 z \u017cycia.<\/li><\/ul><p>\u00a0<\/p><ul><li><strong>Eliminacja podjadania:<\/strong> Dobrze dobrana dieta pomo\u017ce Ci unikn\u0105\u0107 niezdrowych przek\u0105sek i napad\u00f3w g\u0142odu.<\/li><\/ul><p>\u00a0<\/p><ul><li><strong>Poprawa zdrowia:<\/strong> Zobaczysz lepsze wyniki bada\u0144, poprawisz kondycj\u0119 sk\u00f3ry i og\u00f3lne samopoczucie.<\/li><\/ul>\t\t\t\t\t\t\t\t<\/div>\n\t\t\t\t<\/div>\n\t\t\t\t\t<\/div>\n\t\t<\/div>\n\t\t\t\t<div class=\"elementor-column elementor-col-50 elementor-top-column elementor-element elementor-element-3dbb573\" data-id=\"3dbb573\" data-element_type=\"column\">\n\t\t\t<div class=\"elementor-widget-wrap elementor-element-populated\">\n\t\t\t\t\t\t<div class=\"elementor-element elementor-element-04a3a60 elementor-widget elementor-widget-heading\" data-id=\"04a3a60\" data-element_type=\"widget\" data-widget_type=\"heading.default\">\n\t\t\t\t<div class=\"elementor-widget-container\">\n\t\t\t\t\t<h2 class=\"elementor-heading-title elementor-size-default\">Jak wygl\u0105da proces tworzenia planu dietetycznego?<\/h2>\t\t\t\t<\/div>\n\t\t\t\t<\/div>\n\t\t\t\t<div class=\"elementor-element elementor-element-89ad901 elementor-widget elementor-widget-text-editor\" data-id=\"89ad901\" data-element_type=\"widget\" data-widget_type=\"text-editor.default\">\n\t\t\t\t<div class=\"elementor-widget-container\">\n\t\t\t\t\t\t\t\t\t<ol start=\"1\" data-spread=\"false\" data-pm-slice=\"3 5 []\"><li><p><strong>Konsultacja wst\u0119pna<\/strong><\/p><ul data-spread=\"false\"><li><p>Szczeg\u00f3\u0142owy wywiad na temat Twoich preferencji \u017cywieniowych, cel\u00f3w oraz ewentualnych ogranicze\u0144 zdrowotnych.<\/p><\/li><\/ul><\/li><li><p><strong>Tworzenie planu<\/strong><\/p><ul data-spread=\"false\"><li><p>Przygotowanie spersonalizowanego jad\u0142ospisu dostosowanego do Twojego trybu \u017cycia, liczby posi\u0142k\u00f3w i preferencji smakowych.<\/p><\/li><\/ul><\/li><li><p><strong>Monitorowanie i wsparcie<\/strong><\/p><ul data-spread=\"false\"><li><p>Regularne konsultacje w celu analizy post\u0119p\u00f3w i wprowadzania ewentualnych zmian w planie.<\/p><\/li><\/ul><\/li><\/ol>\t\t\t\t\t\t\t\t<\/div>\n\t\t\t\t<\/div>\n\t\t\t\t\t<\/div>\n\t\t<\/div>\n\t\t\t\t\t<\/div>\n\t\t<\/section>\n\t\t\t\t<section class=\"elementor-section elementor-top-section elementor-element elementor-element-9e82a97 elementor-section-boxed elementor-section-height-default elementor-section-height-default\" data-id=\"9e82a97\" data-element_type=\"section\">\n\t\t\t\t\t\t<div class=\"elementor-container elementor-column-gap-default\">\n\t\t\t\t\t<div class=\"elementor-column elementor-col-100 elementor-top-column elementor-element elementor-element-7df802e\" data-id=\"7df802e\" data-element_type=\"column\">\n\t\t\t<div class=\"elementor-widget-wrap elementor-element-populated\">\n\t\t\t\t\t\t<div class=\"elementor-element elementor-element-5b1d397 elementor-widget elementor-widget-heading\" data-id=\"5b1d397\" data-element_type=\"widget\" data-widget_type=\"heading.default\">\n\t\t\t\t<div class=\"elementor-widget-container\">\n\t\t\t\t\t<h2 class=\"elementor-heading-title elementor-size-default\">Dlaczego warto mi zaufa\u0107?<\/h2>\t\t\t\t<\/div>\n\t\t\t\t<\/div>\n\t\t\t\t<div class=\"elementor-element elementor-element-1a56987 elementor-widget elementor-widget-text-editor\" data-id=\"1a56987\" data-element_type=\"widget\" data-widget_type=\"text-editor.default\">\n\t\t\t\t<div class=\"elementor-widget-container\">\n\t\t\t\t\t\t\t\t\t<ul><li><p><strong>Indywidualne podej\u015bcie:<\/strong> Ka\u017cdy plan jest dostosowany do Twoich potrzeb i cel\u00f3w.<\/p><\/li><li><p><strong>Do\u015bwiadczenie:<\/strong> Po\u0142\u0105czenie wiedzy z zakresu dietetyki i treningu personalnego gwarantuje kompleksowe podej\u015bcie.<\/p><\/li><li><p><strong>Wsparcie:<\/strong> Mo\u017cesz liczy\u0107 na sta\u0142y kontakt i motywacj\u0119 w trakcie ca\u0142ej wsp\u00f3\u0142pracy.<\/p><\/li><\/ul>\t\t\t\t\t\t\t\t<\/div>\n\t\t\t\t<\/div>\n\t\t\t\t\t<\/div>\n\t\t<\/div>\n\t\t\t\t\t<\/div>\n\t\t<\/section>\n\t\t\t\t<\/div>\n\t\t","protected":false},"excerpt":{"rendered":"<p>KAROLINA B\u0104K PLANY DIETETYCZNEPLANY \u017bYWIENIOWEjAD\u0141OSPISY SCHUDNIJ ZDROWO O mnie Zam\u00f3w trening lub diet\u0119 Dlaczego odpowiednia dieta jest kluczem do sukcesu? Indywidualne Plany Dietetyczne W drodze do osi\u0105gni\u0119cia wymarzonej sylwetki i poprawy zdrowia, dieta odgrywa kluczow\u0105 rol\u0119. Nawet najci\u0119\u017cszy trening nie przyniesie oczekiwanych rezultat\u00f3w bez odpowiedniego od\u017cywiania. Dlatego oferujemy spersonalizowane plany dietetyczne, kt\u00f3re wspieraj\u0105 Tw\u00f3j styl [&hellip;]<\/p>\n","protected":false},"author":1,"featured_media":0,"parent":0,"menu_order":0,"comment_status":"closed","ping_status":"closed","template":"","meta":{"footnotes":""},"class_list":["post-274","page","type-page","status-publish","hentry"],"yoast_head":"<!-- This site is optimized with the Yoast SEO plugin v24.2 - https:\/\/yoast.com\/wordpress\/plugins\/seo\/ -->\n<title>Plany dietetyczne - Trener Karolina - Treningi Personalne i Diety Brodnica | Trener Brodnica<\/title>\n<meta name=\"description\" content=\"Plany dietetyczne dopasowane do Twoich potrzeb. Popraw swoje zdrowie, samopoczucie i wyniki bada\u0144 dzi\u0119ki zbilansowanej diecie.\" \/>\n<meta name=\"robots\" content=\"index, follow, max-snippet:-1, max-image-preview:large, max-video-preview:-1\" \/>\n<link rel=\"canonical\" href=\"https:\/\/trenerkarolina.pl\/?page_id=274\" \/>\n<meta property=\"og:locale\" content=\"pl_PL\" \/>\n<meta property=\"og:type\" content=\"article\" \/>\n<meta property=\"og:title\" content=\"Plany dietetyczne - Trener Karolina - Treningi Personalne i Diety Brodnica | Trener Brodnica\" \/>\n<meta property=\"og:description\" content=\"Plany dietetyczne dopasowane do Twoich potrzeb. Popraw swoje zdrowie, samopoczucie i wyniki bada\u0144 dzi\u0119ki zbilansowanej diecie.\" \/>\n<meta property=\"og:url\" content=\"https:\/\/trenerkarolina.pl\/?page_id=274\" \/>\n<meta property=\"og:site_name\" content=\"Trener Karolina - Treningi Personalne i Diety Brodnica | Trener Brodnica\" \/>\n<meta property=\"article:modified_time\" content=\"2024-11-24T17:50:03+00:00\" \/>\n<meta property=\"og:image\" content=\"https:\/\/trenerkarolina.pl\/wp-content\/uploads\/2024\/11\/jablko-1.jpg\" \/>\n\t<meta property=\"og:image:width\" content=\"844\" \/>\n\t<meta property=\"og:image:height\" content=\"1500\" \/>\n\t<meta property=\"og:image:type\" content=\"image\/jpeg\" \/>\n<meta name=\"twitter:card\" content=\"summary_large_image\" \/>\n<meta name=\"twitter:label1\" content=\"Szacowany czas czytania\" \/>\n\t<meta name=\"twitter:data1\" content=\"3 minuty\" \/>\n<script type=\"application\/ld+json\" class=\"yoast-schema-graph\">{\"@context\":\"https:\/\/schema.org\",\"@graph\":[{\"@type\":\"WebPage\",\"@id\":\"https:\/\/trenerkarolina.pl\/?page_id=274\",\"url\":\"https:\/\/trenerkarolina.pl\/?page_id=274\",\"name\":\"Plany dietetyczne - Trener Karolina - Treningi Personalne i Diety Brodnica | Trener Brodnica\",\"isPartOf\":{\"@id\":\"https:\/\/trenerkarolina.pl\/#website\"},\"primaryImageOfPage\":{\"@id\":\"https:\/\/trenerkarolina.pl\/?page_id=274#primaryimage\"},\"image\":{\"@id\":\"https:\/\/trenerkarolina.pl\/?page_id=274#primaryimage\"},\"thumbnailUrl\":\"https:\/\/trenerkarolina.pl\/wp-content\/uploads\/2024\/11\/jablko-1-768x1365.jpg\",\"datePublished\":\"2024-11-24T16:35:07+00:00\",\"dateModified\":\"2024-11-24T17:50:03+00:00\",\"description\":\"Plany dietetyczne dopasowane do Twoich potrzeb. Popraw swoje zdrowie, samopoczucie i wyniki bada\u0144 dzi\u0119ki zbilansowanej diecie.\",\"breadcrumb\":{\"@id\":\"https:\/\/trenerkarolina.pl\/?page_id=274#breadcrumb\"},\"inLanguage\":\"pl-PL\",\"potentialAction\":[{\"@type\":\"ReadAction\",\"target\":[\"https:\/\/trenerkarolina.pl\/?page_id=274\"]}]},{\"@type\":\"ImageObject\",\"inLanguage\":\"pl-PL\",\"@id\":\"https:\/\/trenerkarolina.pl\/?page_id=274#primaryimage\",\"url\":\"https:\/\/trenerkarolina.pl\/wp-content\/uploads\/2024\/11\/jablko-1.jpg\",\"contentUrl\":\"https:\/\/trenerkarolina.pl\/wp-content\/uploads\/2024\/11\/jablko-1.jpg\",\"width\":844,\"height\":1500},{\"@type\":\"BreadcrumbList\",\"@id\":\"https:\/\/trenerkarolina.pl\/?page_id=274#breadcrumb\",\"itemListElement\":[{\"@type\":\"ListItem\",\"position\":1,\"name\":\"Strona g\u0142\u00f3wna\",\"item\":\"https:\/\/trenerkarolina.pl\/\"},{\"@type\":\"ListItem\",\"position\":2,\"name\":\"Plany dietetyczne\"}]},{\"@type\":\"WebSite\",\"@id\":\"https:\/\/trenerkarolina.pl\/#website\",\"url\":\"https:\/\/trenerkarolina.pl\/\",\"name\":\"Trener Karolina - Treningi Personalne i Diety Brodnica | Trener Brodnica\",\"description\":\"Trener Karolina - Treningi Personalne i Diety Brodnica | Trener Brodnica\",\"potentialAction\":[{\"@type\":\"SearchAction\",\"target\":{\"@type\":\"EntryPoint\",\"urlTemplate\":\"https:\/\/trenerkarolina.pl\/?s={search_term_string}\"},\"query-input\":{\"@type\":\"PropertyValueSpecification\",\"valueRequired\":true,\"valueName\":\"search_term_string\"}}],\"inLanguage\":\"pl-PL\"}]}<\/script>\n<!-- \/ Yoast SEO plugin. -->","yoast_head_json":{"title":"Plany dietetyczne - Trener Karolina - Treningi Personalne i Diety Brodnica | Trener Brodnica","description":"Plany dietetyczne dopasowane do Twoich potrzeb. Popraw swoje zdrowie, samopoczucie i wyniki bada\u0144 dzi\u0119ki zbilansowanej diecie.","robots":{"index":"index","follow":"follow","max-snippet":"max-snippet:-1","max-image-preview":"max-image-preview:large","max-video-preview":"max-video-preview:-1"},"canonical":"https:\/\/trenerkarolina.pl\/?page_id=274","og_locale":"pl_PL","og_type":"article","og_title":"Plany dietetyczne - Trener Karolina - Treningi Personalne i Diety Brodnica | Trener Brodnica","og_description":"Plany dietetyczne dopasowane do Twoich potrzeb. Popraw swoje zdrowie, samopoczucie i wyniki bada\u0144 dzi\u0119ki zbilansowanej diecie.","og_url":"https:\/\/trenerkarolina.pl\/?page_id=274","og_site_name":"Trener Karolina - Treningi Personalne i Diety Brodnica | Trener Brodnica","article_modified_time":"2024-11-24T17:50:03+00:00","og_image":[{"width":844,"height":1500,"url":"https:\/\/trenerkarolina.pl\/wp-content\/uploads\/2024\/11\/jablko-1.jpg","type":"image\/jpeg"}],"twitter_card":"summary_large_image","twitter_misc":{"Szacowany czas czytania":"3 minuty"},"schema":{"@context":"https:\/\/schema.org","@graph":[{"@type":"WebPage","@id":"https:\/\/trenerkarolina.pl\/?page_id=274","url":"https:\/\/trenerkarolina.pl\/?page_id=274","name":"Plany dietetyczne - Trener Karolina - Treningi Personalne i Diety Brodnica | Trener Brodnica","isPartOf":{"@id":"https:\/\/trenerkarolina.pl\/#website"},"primaryImageOfPage":{"@id":"https:\/\/trenerkarolina.pl\/?page_id=274#primaryimage"},"image":{"@id":"https:\/\/trenerkarolina.pl\/?page_id=274#primaryimage"},"thumbnailUrl":"https:\/\/trenerkarolina.pl\/wp-content\/uploads\/2024\/11\/jablko-1-768x1365.jpg","datePublished":"2024-11-24T16:35:07+00:00","dateModified":"2024-11-24T17:50:03+00:00","description":"Plany dietetyczne dopasowane do Twoich potrzeb. Popraw swoje zdrowie, samopoczucie i wyniki bada\u0144 dzi\u0119ki zbilansowanej diecie.","breadcrumb":{"@id":"https:\/\/trenerkarolina.pl\/?page_id=274#breadcrumb"},"inLanguage":"pl-PL","potentialAction":[{"@type":"ReadAction","target":["https:\/\/trenerkarolina.pl\/?page_id=274"]}]},{"@type":"ImageObject","inLanguage":"pl-PL","@id":"https:\/\/trenerkarolina.pl\/?page_id=274#primaryimage","url":"https:\/\/trenerkarolina.pl\/wp-content\/uploads\/2024\/11\/jablko-1.jpg","contentUrl":"https:\/\/trenerkarolina.pl\/wp-content\/uploads\/2024\/11\/jablko-1.jpg","width":844,"height":1500},{"@type":"BreadcrumbList","@id":"https:\/\/trenerkarolina.pl\/?page_id=274#breadcrumb","itemListElement":[{"@type":"ListItem","position":1,"name":"Strona g\u0142\u00f3wna","item":"https:\/\/trenerkarolina.pl\/"},{"@type":"ListItem","position":2,"name":"Plany dietetyczne"}]},{"@type":"WebSite","@id":"https:\/\/trenerkarolina.pl\/#website","url":"https:\/\/trenerkarolina.pl\/","name":"Trener Karolina - Treningi Personalne i Diety Brodnica | Trener Brodnica","description":"Trener Karolina - Treningi Personalne i Diety Brodnica | Trener Brodnica","potentialAction":[{"@type":"SearchAction","target":{"@type":"EntryPoint","urlTemplate":"https:\/\/trenerkarolina.pl\/?s={search_term_string}"},"query-input":{"@type":"PropertyValueSpecification","valueRequired":true,"valueName":"search_term_string"}}],"inLanguage":"pl-PL"}]}},"_links":{"self":[{"href":"https:\/\/trenerkarolina.pl\/index.php?rest_route=\/wp\/v2\/pages\/274","targetHints":{"allow":["GET"]}}],"collection":[{"href":"https:\/\/trenerkarolina.pl\/index.php?rest_route=\/wp\/v2\/pages"}],"about":[{"href":"https:\/\/trenerkarolina.pl\/index.php?rest_route=\/wp\/v2\/types\/page"}],"author":[{"embeddable":true,"href":"https:\/\/trenerkarolina.pl\/index.php?rest_route=\/wp\/v2\/users\/1"}],"replies":[{"embeddable":true,"href":"https:\/\/trenerkarolina.pl\/index.php?rest_route=%2Fwp%2Fv2%2Fcomments&post=274"}],"version-history":[{"count":55,"href":"https:\/\/trenerkarolina.pl\/index.php?rest_route=\/wp\/v2\/pages\/274\/revisions"}],"predecessor-version":[{"id":344,"href":"https:\/\/trenerkarolina.pl\/index.php?rest_route=\/wp\/v2\/pages\/274\/revisions\/344"}],"wp:attachment":[{"href":"https:\/\/trenerkarolina.pl\/index.php?rest_route=%2Fwp%2Fv2%2Fmedia&parent=274"}],"curies":[{"name":"wp","href":"https:\/\/api.w.org\/{rel}","templated":true}]}}